{"id":395,"date":"2021-02-01T15:40:10","date_gmt":"2021-02-01T14:40:10","guid":{"rendered":"https:\/\/mbagnickdiop.com\/?page_id=395"},"modified":"2021-02-01T16:32:53","modified_gmt":"2021-02-01T15:32:53","slug":"biographie","status":"publish","type":"page","link":"https:\/\/mbagnickdiop.com\/?page_id=395","title":{"rendered":"Biographie"},"content":{"rendered":"\n<p><strong>Mbagnick Diop est un entrepreneur s\u00e9n\u00e9galais et le pr\u00e9sident du Meds \u2013 Mouvement des entreprises du S\u00e9n\u00e9gal.&nbsp;<\/strong><\/p>\n\n\n\n<div class=\"wp-block-image\"><figure class=\"alignleft\"><img decoding=\"async\" src=\"https:\/\/mbagnickdiop.files.wordpress.com\/2018\/10\/mbagnick-diop-1-light.jpg?w=316&amp;h=474\" alt=\"Mbagnick-Diop-1-light\" class=\"wp-image-19\"\/><\/figure><\/div>\n\n\n\n<p><strong>L\u2019entrepreneur Mbagnick Diop <\/strong><\/p>\n\n\n\n<p>\u00c2g\u00e9 de 60 ans, le s\u00e9n\u00e9galais&nbsp;<strong>Mbagnick Diop<\/strong>&nbsp;est un homme poss\u00e9dant un v\u00e9ritable r\u00e9seau d\u2019influence dans le monde des affaires, notamment la communication.&nbsp;<strong>Mbagnick Diop<\/strong>&nbsp;reste l\u2019un des hommes au sourire lustr\u00e9 avec une mine affable pour accueillir sans h\u00e9sitation les membres du Mouvement des entreprises du S\u00e9n\u00e9gal et les collaborateurs de \u00ab Cauris d\u2019or \u00bb. Cet homme a su cr\u00e9er un empire en \u00e9tant le Pr\u00e9sident du&nbsp;<a rel=\"noreferrer noopener\" href=\"http:\/\/www.meds-senegal.com\/\" target=\"_blank\">Meds<\/a>&nbsp;et le concepteur de son entreprise Cauris d\u2019or.<\/p>\n\n\n\n<p><strong>Le digne fils d\u2019un haut fonctionnaire&nbsp;<\/strong><\/p>\n\n\n\n<p>Le S\u00e9n\u00e9galais&nbsp;<strong>Mbagnick Diop<\/strong>&nbsp;au visage rondelet et une poign\u00e9e de main \u00e9nergique ont \u00e9voqu\u00e9 sa devise, qui n\u2019est autre que : \u00ab&nbsp;le travail&nbsp;\u00bb. D\u2019apr\u00e8s&nbsp;<strong>Mbagnick Diop<\/strong>, seul le fait de travailler peut payer et l\u2019on doit donner le temps au temps. En effet, le S\u00e9n\u00e9galais \u00e9tait le premier de sa classe durant sa jeunesse et ne cessait pas d\u2019accumuler les paris et les actions afin de r\u00e9duire le temps des discussions.<\/p>\n\n\n\n<p>Le pr\u00e9sident de Meds a vu le jour \u00e0 Dakar comme \u00e9tant le premier fils d\u2019un haut fonctionnaire ayant d\u00e9j\u00e0 quatre petites filles. A l\u2019\u00e9poque on l\u2019appelle famili\u00e8rement \u00ab&nbsp;Souche&nbsp;\u00bb, en raison de sa croissance tardive\u2026 La gloire lui sourit d\u00e8s lors qu\u2019il voit le jour dans les bras de l\u2019\u00e9pouse du Khalife des Tidianes, consid\u00e9r\u00e9 par&nbsp;<strong>Mbagnick Diop<\/strong>&nbsp;comme sa deuxi\u00e8me m\u00e8re. Le jeune Mbagnick Diop a v\u00e9cu la vie d\u2019un gosse de riche jusqu\u2019\u00e0 l\u2019\u00e2ge de 16 ans, o\u00f9 il d\u00e9cide de prendre les reines suite \u00e0 la retraite de son p\u00e8re. L\u2019objectif de&nbsp;<a href=\"https:\/\/senego.com\/differend-dp-worldgfm-le-patronat-manifeste-sa-solidarite-a-youssou-ndour_235241.html\">Mbagnick Diop<\/a>&nbsp;\u00e9tait bas\u00e9 sur l\u2019accroissement de ses richesses en alliant ainsi le travail et les \u00e9tudes.<\/p>\n\n\n\n<p><strong>Un combattant anticonformiste&nbsp;<\/strong><\/p>\n\n\n\n<p>Avec un cursus normal compos\u00e9 d\u2019un BTS en Communication et Action Publicitaire ainsi qu\u2019un crochet en 1983 par Paris \u00e0 Sup de Pub,&nbsp;<strong>Mbagnick Diop<\/strong>&nbsp;a commenc\u00e9 \u00e0 se lancer dans le monde de la communication. Dot\u00e9 d\u2019un esprit libre, \u00eatre un simple salari\u00e9 ne suffisait pas \u00e0&nbsp;<strong>Mbagnick Diop<\/strong>. De ce fait, il se mit \u00e0 la recherche d\u2019un bon filon pour gravir les \u00e9chelons et poss\u00e9der son propre compte. Il devient alors le seul concepteur de sa r\u00e9ussite sociale en tant que ma\u00eetre dans l\u2019art de communiquer. L\u2019amour du management, de l\u2019innovation, du contact et du sens relationnel sont les crit\u00e8res qui poussent&nbsp;<strong>Mbagnick Diop<\/strong>&nbsp;\u00e0 r\u00e9aliser un investissement dans ce secteur.<\/p>\n\n\n\n<figure class=\"wp-block-image\" id=\"attachment_21\"><img decoding=\"async\" src=\"https:\/\/mbagnickdiop.files.wordpress.com\/2018\/10\/mbagnick-diop-et-le-prsident-macky-sall-light.jpg?w=770&amp;h=514\" alt=\"Mbagnick-Diop-et-le-prsident-Macky-Sall-light\" class=\"wp-image-21\"\/><figcaption>Mbagnick Diop avec le pr\u00e9sident Sall<\/figcaption><\/figure>\n\n\n\n<p>\u00c0 pr\u00e9sent,&nbsp;<strong>Mbagnick Diop<\/strong>&nbsp;est l\u2019homme qui dispose d\u2019un r\u00e9seau et d\u2019une grande influence lui permettant de tenir t\u00eate aux figures politiques et \u00e9conomiques de son pays. Mbagnick Diop se trouve en haut de l\u2019\u00e9chelle avec son entreprise Promo Consulting qui s\u2019est d\u00e9velopp\u00e9e ses derni\u00e8res ann\u00e9es. Il ne faut pas oublier que c\u2019est un leader depuis sa naissance, d\u2019o\u00f9 sa r\u00e9ussite en tant que Pr\u00e9sident du Mouvement des entreprises du S\u00e9n\u00e9gal et l\u2019obtention d\u2019un fonds de garantie. Il s\u2019agit d\u2019une grande premi\u00e8re dans l\u2019histoire de cette organisation. Le pr\u00e9sident de Meds s\u2019occupe \u00e9galement de pr\u00e9sider le conseil d\u2019administration de diverses soci\u00e9t\u00e9s gr\u00e2ce \u00e0 ses exp\u00e9riences. Mbagnick Diop compte actuellement 10 bureaux dans le monde qui lui octroient le moyen de faire la transmission de son expertise de la communication.<\/p>\n\n\n\n<p><strong>Un excellent sens relationnel&nbsp;<\/strong><\/p>\n\n\n\n<p>\u00c0 part les autres qualit\u00e9s de&nbsp;<strong>Mbagnick Diop<\/strong>, il poss\u00e8de aussi une forte pr\u00e9disposition \u00e0 la cr\u00e9ation de nouveaux concepts \u00e0 la fois novateurs et porteurs. Le s\u00e9n\u00e9galais passe ensuite \u00e0 la conception des \u00ab Cauris d\u2019or \u00bb, l\u2019\u00e9v\u00e9nement de grande envergure dans le domaine \u00e9conomique parce qu\u2019il a pour but d\u2019offrir des r\u00e9compenses aux : entreprises innovateurs, les hommes et les femmes class\u00e9es d\u2019excellents managers ainsi que les personnalit\u00e9s se d\u00e9marquant du reste du monde par leurs actions.<\/p>\n\n\n\n<p>Le fondateur de&nbsp;<a href=\"http:\/\/www.rewmi.com\/cauris-dor-et-lafrique-envahit-le-senegal.html\">Cauris d\u2019or<\/a>&nbsp;aide les jeunes qui n\u2019arrivent pas \u00e0 trouver un emploi malgr\u00e9 un dipl\u00f4me assez \u00e9lev\u00e9 gr\u00e2ce au Forum du 1er emploi. Cette m\u00e9thode s\u2019appuie fortement sur le pouvoir du relationnel parce que les relations sont la base d\u2019une \u00e9volution dans le monde professionnel. Enfin, le s\u00e9n\u00e9galais&nbsp;<strong>Mbagnick Diop<\/strong>&nbsp;a rassembl\u00e9 les relations, le march\u00e9, le divertissement et l\u2019argent pour concocter la recette d\u2019un bon succ\u00e8s \u00e9conomique.<\/p>\n","protected":false},"excerpt":{"rendered":"<p>Mbagnick Diop est un entrepreneur s\u00e9n\u00e9galais et le pr\u00e9sident du Meds \u2013 Mouvement des entreprises du S\u00e9n\u00e9gal.&nbsp; L\u2019entrepreneur Mbagnick Diop \u00c2g\u00e9 de 60 ans, le s\u00e9n\u00e9galais&nbsp;Mbagnick Diop&nbsp;est un homme poss\u00e9dant un v\u00e9ritable r\u00e9seau d\u2019influence dans le monde des affaires, notamment la communication.&nbsp;Mbagnick Diop&nbsp;reste l\u2019un des hommes au sourire lustr\u00e9 avec une mine affable pour accueillir&hellip; <br \/> <a class=\"read-more\" href=\"https:\/\/mbagnickdiop.com\/?page_id=395\">Lire la suite<\/a><\/p>\n","protected":false},"author":1,"featured_media":368,"parent":0,"menu_order":0,"comment_status":"closed","ping_status":"closed","template":"","meta":{"footnotes":""},"class_list":["post-395","page","type-page","status-publish","has-post-thumbnail","hentry"],"_links":{"self":[{"href":"https:\/\/mbagnickdiop.com\/index.php?rest_route=\/wp\/v2\/pages\/395","targetHints":{"allow":["GET"]}}],"collection":[{"href":"https:\/\/mbagnickdiop.com\/index.php?rest_route=\/wp\/v2\/pages"}],"about":[{"href":"https:\/\/mbagnickdiop.com\/index.php?rest_route=\/wp\/v2\/types\/page"}],"author":[{"embeddable":true,"href":"https:\/\/mbagnickdiop.com\/index.php?rest_route=\/wp\/v2\/users\/1"}],"replies":[{"embeddable":true,"href":"https:\/\/mbagnickdiop.com\/index.php?rest_route=%2Fwp%2Fv2%2Fcomments&post=395"}],"version-history":[{"count":2,"href":"https:\/\/mbagnickdiop.com\/index.php?rest_route=\/wp\/v2\/pages\/395\/revisions"}],"predecessor-version":[{"id":425,"href":"https:\/\/mbagnickdiop.com\/index.php?rest_route=\/wp\/v2\/pages\/395\/revisions\/425"}],"wp:featuredmedia":[{"embeddable":true,"href":"https:\/\/mbagnickdiop.com\/index.php?rest_route=\/wp\/v2\/media\/368"}],"wp:attachment":[{"href":"https:\/\/mbagnickdiop.com\/index.php?rest_route=%2Fwp%2Fv2%2Fmedia&parent=395"}],"curies":[{"name":"wp","href":"https:\/\/api.w.org\/{rel}","templated":true}]}}